{"id":982,"date":"2020-04-14T12:59:16","date_gmt":"2020-04-14T10:59:16","guid":{"rendered":"http:\/\/f-denis.fr\/?page_id=982-old"},"modified":"2023-05-11T08:49:20","modified_gmt":"2023-05-11T06:49:20","slug":"interventions","status":"publish","type":"page","link":"https:\/\/f-denis.fr\/index.php\/interventions\/","title":{"rendered":"ACTIONS"},"content":{"rendered":"\n<p>Flavien Denis intervient aussi, notamment avec Wish association, dans des projets m\u00ealant th\u00e9\u00e2tre, vid\u00e9o, danse, &#8230;<\/p>\n\n\n\n<figure class=\"wp-block-embed is-type-video is-provider-youtube wp-block-embed-youtube wp-embed-aspect-16-9 wp-has-aspect-ratio\"><div class=\"wp-block-embed__wrapper\">\n<iframe loading=\"lazy\" title=\"Les m\u00e9tiers, \u00e7a se danse \/ Aux arts lyc\u00e9ens 2021\" width=\"920\" height=\"518\" src=\"https:\/\/www.youtube.com\/embed\/qZwIqSTNOWY?feature=oembed\" frameborder=\"0\" allow=\"accelerometer; autoplay; clipboard-write; encrypted-media; gyroscope; picture-in-picture; web-share\" allowfullscreen><\/iframe>\n<\/div><figcaption class=\"wp-element-caption\">r\u00e9aliser un film autour des gestes professionnels des 8 m\u00e9tiers enseign\u00e9s au lyc\u00e9e Amp\u00e8re de Vend\u00f4me<\/figcaption><\/figure>\n\n\n\n<figure class=\"wp-block-embed is-type-video is-provider-youtube wp-block-embed-youtube wp-embed-aspect-16-9 wp-has-aspect-ratio\"><div class=\"wp-block-embed__wrapper\">\n<iframe loading=\"lazy\" title=\"Teaser - Capsule Lyc\u00e9e professionnel Chaptal - Amboise\" width=\"920\" height=\"518\" src=\"https:\/\/www.youtube.com\/embed\/gyrr_0oN0l8?feature=oembed\" frameborder=\"0\" allow=\"accelerometer; autoplay; clipboard-write; encrypted-media; gyroscope; picture-in-picture; web-share\" allowfullscreen><\/iframe>\n<\/div><figcaption class=\"wp-element-caption\">Teaser &#8211; Capsule Lyc\u00e9e professionnel Chaptal &#8211; Amboise<\/figcaption><\/figure>\n\n\n\n<figure class=\"wp-block-embed is-type-video is-provider-youtube wp-block-embed-youtube wp-embed-aspect-16-9 wp-has-aspect-ratio\"><div class=\"wp-block-embed__wrapper\">\n<iframe loading=\"lazy\" title=\"ENSEMBLE - Stage th\u00e9\u00e2tre &amp; vid\u00e9o - France Terre d&#039;Asile\" width=\"920\" height=\"518\" src=\"https:\/\/www.youtube.com\/embed\/ZRzmpqGYxIo?feature=oembed\" frameborder=\"0\" allow=\"accelerometer; autoplay; clipboard-write; encrypted-media; gyroscope; picture-in-picture; web-share\" allowfullscreen><\/iframe>\n<\/div><figcaption class=\"wp-element-caption\">ENSEMBLE &#8211; Stage th\u00e9\u00e2tre &amp; vid\u00e9o &#8211; France Terre d&rsquo;Asile<\/figcaption><\/figure>\n\n\n\n<figure class=\"wp-block-embed is-type-video is-provider-youtube wp-block-embed-youtube wp-embed-aspect-16-9 wp-has-aspect-ratio\"><div class=\"wp-block-embed__wrapper\">\n<iframe loading=\"lazy\" title=\"\u00ab Si on dansait, tous en rythme ? \u00bb\" width=\"920\" height=\"518\" src=\"https:\/\/www.youtube.com\/embed\/aTenQ9t8lWM?feature=oembed\" frameborder=\"0\" allow=\"accelerometer; autoplay; clipboard-write; encrypted-media; gyroscope; picture-in-picture; web-share\" allowfullscreen><\/iframe>\n<\/div><figcaption class=\"wp-element-caption\">\u00ab&nbsp;Si on dansait, tous en rythme ?&nbsp;\u00bb Clip vid\u00e9o r\u00e9alis\u00e9 avec les \u00e9l\u00e8ves du Lyc\u00e9e Professionnel Agricole de Montoire-sur-le-Loir en mars et avril 2022<\/figcaption><\/figure>\n\n\n\n<figure class=\"wp-block-embed is-type-video is-provider-youtube wp-block-embed-youtube wp-embed-aspect-16-9 wp-has-aspect-ratio\"><div class=\"wp-block-embed__wrapper\">\n<iframe loading=\"lazy\" title=\"CyBer-RelaTioN \/ les dangers d&#039;internet - Conseil D\u00e9partemental\" width=\"920\" height=\"518\" src=\"https:\/\/www.youtube.com\/embed\/Eu3IXyKawgQ?feature=oembed\" frameborder=\"0\" allow=\"accelerometer; autoplay; clipboard-write; encrypted-media; gyroscope; picture-in-picture\" allowfullscreen><\/iframe>\n<\/div><figcaption class=\"wp-element-caption\">Campagne de pr\u00e9vention contre les dangers d&rsquo;internet<\/figcaption><\/figure>\n\n\n\n<figure class=\"wp-block-embed is-type-video is-provider-youtube wp-block-embed-youtube wp-embed-aspect-16-9 wp-has-aspect-ratio\"><div class=\"wp-block-embed__wrapper\">\n<iframe loading=\"lazy\" title=\"Le Savoir e\u0302tre : e\u0301pisode 1 \/ l&#039;entreprise parfaite\" width=\"920\" height=\"518\" src=\"https:\/\/www.youtube.com\/embed\/SFFCgbLfTmo?feature=oembed\" frameborder=\"0\" allow=\"accelerometer; autoplay; clipboard-write; encrypted-media; gyroscope; picture-in-picture; web-share\" allowfullscreen><\/iframe>\n<\/div><figcaption class=\"wp-element-caption\">Le savoir \u00eatre en entreprise ?<\/figcaption><\/figure>\n\n\n\n<figure class=\"wp-block-embed is-type-video is-provider-youtube wp-block-embed-youtube wp-embed-aspect-16-9 wp-has-aspect-ratio\"><div class=\"wp-block-embed__wrapper\">\n<iframe loading=\"lazy\" title=\"Le syndrome de CARMEN - Lyce\u0301e d&#039;areine - aux arts lyce\u0301ens\" width=\"920\" height=\"518\" src=\"https:\/\/www.youtube.com\/embed\/ozQP_sgC8zM?feature=oembed\" frameborder=\"0\" allow=\"accelerometer; autoplay; clipboard-write; encrypted-media; gyroscope; picture-in-picture; web-share\" allowfullscreen><\/iframe>\n<\/div><figcaption class=\"wp-element-caption\">Une performance sur le festival du film su\u00e9d\u00e9 avec une classe du lyc\u00e9e agricole d&rsquo;Areine<\/figcaption><\/figure>\n\n\n\n<figure class=\"wp-block-embed is-type-video is-provider-youtube wp-block-embed-youtube wp-embed-aspect-16-9 wp-has-aspect-ratio\"><div class=\"wp-block-embed__wrapper\">\n<iframe loading=\"lazy\" title=\"Katimara - PRE Vend\u00f4me\" width=\"920\" height=\"518\" src=\"https:\/\/www.youtube.com\/embed\/t-D9W6x3ecY?feature=oembed\" frameborder=\"0\" allow=\"accelerometer; autoplay; clipboard-write; encrypted-media; gyroscope; picture-in-picture; web-share\" allowfullscreen><\/iframe>\n<\/div><figcaption class=\"wp-element-caption\">Un court m\u00e9trage improvis\u00e9 avec un groupe de jeunes du PRE au centre culturel<\/figcaption><\/figure>\n\n\n\n<figure class=\"wp-block-embed is-type-video is-provider-youtube wp-block-embed-youtube wp-embed-aspect-16-9 wp-has-aspect-ratio\"><div class=\"wp-block-embed__wrapper\">\n<iframe loading=\"lazy\" title=\"\u00c9cole de l\u2019\u00c9galit\u00e9 - Aux arts lyc\u00e9ens - MFR St firmin\" width=\"920\" height=\"518\" src=\"https:\/\/www.youtube.com\/embed\/aHvfw9t7Bas?feature=oembed\" frameborder=\"0\" allow=\"accelerometer; autoplay; clipboard-write; encrypted-media; gyroscope; picture-in-picture; web-share\" allowfullscreen><\/iframe>\n<\/div><figcaption class=\"wp-element-caption\">Un docu-fiction improvis\u00e9 avec Thierry et Marion au sein de la MFR<\/figcaption><\/figure>\n","protected":false},"excerpt":{"rendered":"<p>Flavien Denis intervient aussi, notamment avec Wish association, dans des projets m\u00ealant th\u00e9\u00e2tre, vid\u00e9o, danse, &#8230;<\/p>\n","protected":false},"author":1,"featured_media":0,"parent":0,"menu_order":0,"comment_status":"closed","ping_status":"closed","template":"","meta":{"om_disable_all_campaigns":false,"_monsterinsights_skip_tracking":false,"_monsterinsights_sitenote_active":false,"_monsterinsights_sitenote_note":"","_monsterinsights_sitenote_category":0,"footnotes":""},"class_list":["post-982","page","type-page","status-publish","hentry"],"aioseo_notices":[],"_links":{"self":[{"href":"https:\/\/f-denis.fr\/index.php\/wp-json\/wp\/v2\/pages\/982","targetHints":{"allow":["GET"]}}],"collection":[{"href":"https:\/\/f-denis.fr\/index.php\/wp-json\/wp\/v2\/pages"}],"about":[{"href":"https:\/\/f-denis.fr\/index.php\/wp-json\/wp\/v2\/types\/page"}],"author":[{"embeddable":true,"href":"https:\/\/f-denis.fr\/index.php\/wp-json\/wp\/v2\/users\/1"}],"replies":[{"embeddable":true,"href":"https:\/\/f-denis.fr\/index.php\/wp-json\/wp\/v2\/comments?post=982"}],"version-history":[{"count":19,"href":"https:\/\/f-denis.fr\/index.php\/wp-json\/wp\/v2\/pages\/982\/revisions"}],"predecessor-version":[{"id":1498,"href":"https:\/\/f-denis.fr\/index.php\/wp-json\/wp\/v2\/pages\/982\/revisions\/1498"}],"wp:attachment":[{"href":"https:\/\/f-denis.fr\/index.php\/wp-json\/wp\/v2\/media?parent=982"}],"curies":[{"name":"wp","href":"https:\/\/api.w.org\/{rel}","templated":true}]}}