{"id":979,"date":"2020-04-14T12:58:57","date_gmt":"2020-04-14T10:58:57","guid":{"rendered":"http:\/\/f-denis.fr\/?page_id=979-old"},"modified":"2026-01-21T12:22:34","modified_gmt":"2026-01-21T11:22:34","slug":"spectacles-experimentaux","status":"publish","type":"page","link":"https:\/\/f-denis.fr\/index.php\/spectacles-experimentaux\/","title":{"rendered":"SPECTACLES"},"content":{"rendered":"\n<p>Flavien DENIS avec l&rsquo;\u00e9quipe du Th\u00e9\u00e2treBrut propose des spectacles qui questionnent le nontre perception du monde.<\/p>\n\n\n\n<p><a href=\"http:\/\/theatrebrut.fr\/catalogue\/epique\/\" target=\"_blank\" rel=\"noopener\" title=\"\">Epique &#8211; une \u00e9pop\u00e9e mythique radicale<\/a><\/p>\n\n\n\n<figure class=\"wp-block-embed is-type-video is-provider-youtube wp-block-embed-youtube wp-embed-aspect-16-9 wp-has-aspect-ratio\"><div class=\"wp-block-embed__wrapper\">\n<iframe loading=\"lazy\" title=\"Teaser - \u00c9pique - Chapelle 2026\" width=\"920\" height=\"518\" src=\"https:\/\/www.youtube.com\/embed\/1Kb5bEgM-mQ?feature=oembed\" frameborder=\"0\" allow=\"accelerometer; autoplay; clipboard-write; encrypted-media; gyroscope; picture-in-picture; web-share\" referrerpolicy=\"strict-origin-when-cross-origin\" allowfullscreen><\/iframe>\n<\/div><\/figure>\n\n\n\n<p><a href=\"http:\/\/theatrebrut.fr\/catalogue\/la-chatte\/\" target=\"_blank\" rel=\"noopener\" title=\"\">La Chatte &#8211; un vaudeville m\u00e9taphysique<\/a><\/p>\n\n\n\n<figure class=\"wp-block-embed is-type-video is-provider-youtube wp-block-embed-youtube wp-embed-aspect-16-9 wp-has-aspect-ratio\"><div class=\"wp-block-embed__wrapper\">\n<iframe loading=\"lazy\" title=\"Teaser &quot;La Chatte&quot;\" width=\"920\" height=\"518\" src=\"https:\/\/www.youtube.com\/embed\/KwRvHkHQEjY?feature=oembed\" frameborder=\"0\" allow=\"accelerometer; autoplay; clipboard-write; encrypted-media; gyroscope; picture-in-picture; web-share\" referrerpolicy=\"strict-origin-when-cross-origin\" allowfullscreen><\/iframe>\n<\/div><\/figure>\n\n\n\n<p><a href=\"http:\/\/theatrebrut.fr\/catalogue\/one\/\" target=\"_blank\" rel=\"noopener\" title=\"\">O N E &#8211; un one man show minimaliste et pas cher.<\/a><\/p>\n\n\n\n<figure class=\"wp-block-embed is-type-video is-provider-youtube wp-block-embed-youtube wp-embed-aspect-16-9 wp-has-aspect-ratio\"><div class=\"wp-block-embed__wrapper\">\n<iframe loading=\"lazy\" title=\"Interview \/ T.Brut - One : Le premier One Man Show de Flavien DENIS\" width=\"920\" height=\"518\" src=\"https:\/\/www.youtube.com\/embed\/Dkvv1ZygHoA?feature=oembed\" frameborder=\"0\" allow=\"accelerometer; autoplay; clipboard-write; encrypted-media; gyroscope; picture-in-picture; web-share\" referrerpolicy=\"strict-origin-when-cross-origin\" allowfullscreen><\/iframe>\n<\/div><\/figure>\n\n\n\n<p><a href=\"http:\/\/theatrebrut.fr\/catalogue\/obscur\/\" target=\"_blank\" rel=\"noopener\" title=\"\">O B S C U R &#8211; une exp\u00e9rience sombre et myst\u00e9rieuse<\/a><\/p>\n\n\n\n<figure class=\"wp-block-embed is-type-video is-provider-youtube wp-block-embed-youtube wp-embed-aspect-16-9 wp-has-aspect-ratio\"><div class=\"wp-block-embed__wrapper\">\n<iframe loading=\"lazy\" title=\"teaser O B S C U R - Et si l&#039;imagination \u00e9tait trompeuse ...\" width=\"920\" height=\"518\" src=\"https:\/\/www.youtube.com\/embed\/wm6-6XTX0r4?feature=oembed\" frameborder=\"0\" allow=\"accelerometer; autoplay; clipboard-write; encrypted-media; gyroscope; picture-in-picture; web-share\" referrerpolicy=\"strict-origin-when-cross-origin\" allowfullscreen><\/iframe>\n<\/div><\/figure>\n\n\n\n<p><a href=\"http:\/\/theatrebrut.fr\/catalogue\/ordinaire\/\" target=\"_blank\" rel=\"noopener\" title=\"\">Ordinaire &#8211; Sensibilisation au sexisme<\/a><\/p>\n\n\n\n<figure class=\"wp-block-embed is-type-video is-provider-youtube wp-block-embed-youtube wp-embed-aspect-16-9 wp-has-aspect-ratio\"><div class=\"wp-block-embed__wrapper\">\n<iframe loading=\"lazy\" title=\"Teaser - ORDINAIRE \/ Femmes solidaires 41\" width=\"920\" height=\"518\" src=\"https:\/\/www.youtube.com\/embed\/L7eQ_JHZVWs?feature=oembed\" frameborder=\"0\" allow=\"accelerometer; autoplay; clipboard-write; encrypted-media; gyroscope; picture-in-picture; web-share\" referrerpolicy=\"strict-origin-when-cross-origin\" allowfullscreen><\/iframe>\n<\/div><\/figure>\n\n\n\n<p>LIVE &#8211; une performance cin\u00e9matographique diffus\u00e9e en direct.<\/p>\n\n\n\n<figure class=\"wp-block-embed is-type-video is-provider-youtube wp-block-embed-youtube wp-embed-aspect-16-9 wp-has-aspect-ratio\"><div class=\"wp-block-embed__wrapper\">\n<iframe loading=\"lazy\" title=\"replay LIVE   The\u0301a\u0302tre sans fin\" width=\"920\" height=\"518\" src=\"https:\/\/www.youtube.com\/embed\/W_3kWCidQqY?feature=oembed\" frameborder=\"0\" allow=\"accelerometer; autoplay; clipboard-write; encrypted-media; gyroscope; picture-in-picture; web-share\" referrerpolicy=\"strict-origin-when-cross-origin\" allowfullscreen><\/iframe>\n<\/div><\/figure>\n","protected":false},"excerpt":{"rendered":"<p>Flavien DENIS avec l&rsquo;\u00e9quipe du Th\u00e9\u00e2treBrut propose des spectacles qui questionnent le nontre perception du monde. Epique &#8211; une \u00e9pop\u00e9e mythique radicale La Chatte &#8211; un vaudeville m\u00e9taphysique O N<\/p>\n<p class=\"more-link\"><a href=\"https:\/\/f-denis.fr\/index.php\/spectacles-experimentaux\/\" class=\"readmore\">Plus &#8230;<svg class=\"icon icon-arrow-right\" aria-hidden=\"true\" role=\"img\"> <use href=\"#icon-arrow-right\" xlink:href=\"#icon-arrow-right\"><\/use> <\/svg><span class=\"screen-reader-text\">SPECTACLES<\/span><\/a><\/p>\n","protected":false},"author":1,"featured_media":0,"parent":0,"menu_order":0,"comment_status":"closed","ping_status":"closed","template":"","meta":{"om_disable_all_campaigns":false,"_monsterinsights_skip_tracking":false,"_monsterinsights_sitenote_active":false,"_monsterinsights_sitenote_note":"","_monsterinsights_sitenote_category":0,"footnotes":""},"class_list":["post-979","page","type-page","status-publish","hentry"],"aioseo_notices":[],"_links":{"self":[{"href":"https:\/\/f-denis.fr\/index.php\/wp-json\/wp\/v2\/pages\/979","targetHints":{"allow":["GET"]}}],"collection":[{"href":"https:\/\/f-denis.fr\/index.php\/wp-json\/wp\/v2\/pages"}],"about":[{"href":"https:\/\/f-denis.fr\/index.php\/wp-json\/wp\/v2\/types\/page"}],"author":[{"embeddable":true,"href":"https:\/\/f-denis.fr\/index.php\/wp-json\/wp\/v2\/users\/1"}],"replies":[{"embeddable":true,"href":"https:\/\/f-denis.fr\/index.php\/wp-json\/wp\/v2\/comments?post=979"}],"version-history":[{"count":21,"href":"https:\/\/f-denis.fr\/index.php\/wp-json\/wp\/v2\/pages\/979\/revisions"}],"predecessor-version":[{"id":1626,"href":"https:\/\/f-denis.fr\/index.php\/wp-json\/wp\/v2\/pages\/979\/revisions\/1626"}],"wp:attachment":[{"href":"https:\/\/f-denis.fr\/index.php\/wp-json\/wp\/v2\/media?parent=979"}],"curies":[{"name":"wp","href":"https:\/\/api.w.org\/{rel}","templated":true}]}}