{"id":68,"date":"2017-06-25T16:12:20","date_gmt":"2017-06-25T14:12:20","guid":{"rendered":"http:\/\/f-denis.fr\/?page_id=68-old"},"modified":"2023-05-11T08:40:32","modified_gmt":"2023-05-11T06:40:32","slug":"theatre-et-video","status":"publish","type":"page","link":"https:\/\/f-denis.fr\/index.php\/theatre-et-video\/","title":{"rendered":"CINEMA"},"content":{"rendered":"\n<p>Flavien DENIS est avant tout un vid\u00e9aste qui op\u00e8re \u00e0 Vend\u00f4me. Il aime imaginer une relation \u00e9troite entre le cin\u00e9ma et le spectacle vivant, questionner la r\u00e9alit\u00e9 et la fiction. Il tente de rapprocher l&rsquo;acteur et le spectateur en imaginant des tournages insolites et participatifs &#8230; Bien souvent, le public devenu com\u00e9dien a la possibilit\u00e9 de regarder le r\u00e9sultat apr\u00e8s le tournage, et parfois m\u00eame pendant &#8230;<\/p>\n\n\n\n<figure class=\"wp-block-embed is-type-video is-provider-youtube wp-block-embed-youtube wp-embed-aspect-16-9 wp-has-aspect-ratio\"><div class=\"wp-block-embed__wrapper\">\n<iframe loading=\"lazy\" title=\"[teaser] Roger - le film en plan s\u00e9quence improvis\u00e9\" width=\"920\" height=\"518\" src=\"https:\/\/www.youtube.com\/embed\/KTza4STHxm4?feature=oembed\" frameborder=\"0\" allow=\"accelerometer; autoplay; clipboard-write; encrypted-media; gyroscope; picture-in-picture; web-share\" allowfullscreen><\/iframe>\n<\/div><\/figure>\n\n\n\n<figure class=\"wp-block-embed is-type-video is-provider-youtube wp-block-embed-youtube wp-embed-aspect-16-9 wp-has-aspect-ratio\"><div class=\"wp-block-embed__wrapper\">\n<iframe loading=\"lazy\" title=\"[replay]LIVE - \u00e9pisode 1 \/ Th\u00e9\u00e2tre sans fin\" width=\"920\" height=\"518\" src=\"https:\/\/www.youtube.com\/embed\/0otvapfl2IA?feature=oembed\" frameborder=\"0\" allow=\"accelerometer; autoplay; clipboard-write; encrypted-media; gyroscope; picture-in-picture; web-share\" allowfullscreen><\/iframe>\n<\/div><\/figure>\n","protected":false},"excerpt":{"rendered":"<p>Flavien DENIS est avant tout un vid\u00e9aste qui op\u00e8re \u00e0 Vend\u00f4me. Il aime imaginer une relation \u00e9troite entre le cin\u00e9ma et le spectacle vivant, questionner la r\u00e9alit\u00e9 et la fiction.<\/p>\n<p class=\"more-link\"><a href=\"https:\/\/f-denis.fr\/index.php\/theatre-et-video\/\" class=\"readmore\">Plus &#8230;<svg class=\"icon icon-arrow-right\" aria-hidden=\"true\" role=\"img\"> <use href=\"#icon-arrow-right\" xlink:href=\"#icon-arrow-right\"><\/use> <\/svg><span class=\"screen-reader-text\">CINEMA<\/span><\/a><\/p>\n","protected":false},"author":1,"featured_media":0,"parent":0,"menu_order":0,"comment_status":"closed","ping_status":"closed","template":"","meta":{"om_disable_all_campaigns":false,"_monsterinsights_skip_tracking":false,"_monsterinsights_sitenote_active":false,"_monsterinsights_sitenote_note":"","_monsterinsights_sitenote_category":0,"footnotes":""},"class_list":["post-68","page","type-page","status-publish","hentry"],"aioseo_notices":[],"_links":{"self":[{"href":"https:\/\/f-denis.fr\/index.php\/wp-json\/wp\/v2\/pages\/68","targetHints":{"allow":["GET"]}}],"collection":[{"href":"https:\/\/f-denis.fr\/index.php\/wp-json\/wp\/v2\/pages"}],"about":[{"href":"https:\/\/f-denis.fr\/index.php\/wp-json\/wp\/v2\/types\/page"}],"author":[{"embeddable":true,"href":"https:\/\/f-denis.fr\/index.php\/wp-json\/wp\/v2\/users\/1"}],"replies":[{"embeddable":true,"href":"https:\/\/f-denis.fr\/index.php\/wp-json\/wp\/v2\/comments?post=68"}],"version-history":[{"count":56,"href":"https:\/\/f-denis.fr\/index.php\/wp-json\/wp\/v2\/pages\/68\/revisions"}],"predecessor-version":[{"id":1493,"href":"https:\/\/f-denis.fr\/index.php\/wp-json\/wp\/v2\/pages\/68\/revisions\/1493"}],"wp:attachment":[{"href":"https:\/\/f-denis.fr\/index.php\/wp-json\/wp\/v2\/media?parent=68"}],"curies":[{"name":"wp","href":"https:\/\/api.w.org\/{rel}","templated":true}]}}