{"id":403,"date":"2017-10-09T18:36:15","date_gmt":"2017-10-09T16:36:15","guid":{"rendered":"http:\/\/f-denis.fr\/?page_id=403-old"},"modified":"2021-01-07T20:57:06","modified_gmt":"2021-01-07T19:57:06","slug":"long-metrage-improvise","status":"publish","type":"page","link":"https:\/\/f-denis.fr\/index.php\/videotheque\/long-metrage-improvise\/","title":{"rendered":"ROGER &#8211; Film s\u00e9quence improvis\u00e9"},"content":{"rendered":"\n<figure class=\"wp-block-embed-youtube wp-block-embed is-type-video is-provider-youtube wp-embed-aspect-16-9 wp-has-aspect-ratio\"><div class=\"wp-block-embed__wrapper\">\n<iframe loading=\"lazy\" title=\"[Film] ROGER - Et si le hasard avait plus \u00e0 proposer\" width=\"920\" height=\"518\" src=\"https:\/\/www.youtube.com\/embed\/JPCQF-LHaSc?feature=oembed\" frameborder=\"0\" allow=\"accelerometer; autoplay; clipboard-write; encrypted-media; gyroscope; picture-in-picture\" allowfullscreen><\/iframe>\n<\/div><figcaption>Voir le FILM<\/figcaption><\/figure>\n\n\n\n<figure class=\"wp-block-embed-youtube wp-block-embed is-type-video is-provider-youtube wp-embed-aspect-16-9 wp-has-aspect-ratio\"><div class=\"wp-block-embed__wrapper\">\n<iframe loading=\"lazy\" title=\"[Making of] ROGER - Un long m\u00e9trage totalement improvis\u00e9\" width=\"920\" height=\"518\" src=\"https:\/\/www.youtube.com\/embed\/EItAMDsjjhA?feature=oembed\" frameborder=\"0\" allow=\"accelerometer; autoplay; clipboard-write; encrypted-media; gyroscope; picture-in-picture\" allowfullscreen><\/iframe>\n<\/div><figcaption>Le making of<\/figcaption><\/figure>\n\n\n<h2>LE CASTING<\/h2>\n<p style=\"text-align: left;\">Pour ce film sans sc\u00e9nario, une centaine de com\u00e9diens se sont dispers\u00e9s librement dans les diff\u00e9rents lieux de tournage disponibles. Comme dans un jeu de r\u00f4le grandeur nature.<\/p>\n<div id='gallery-1' class='gallery galleryid-403 gallery-columns-8 gallery-size-thumbnail'><figure class='gallery-item'>\n\t\t\t<div class='gallery-icon landscape'>\n\t\t\t\t<img loading=\"lazy\" decoding=\"async\" width=\"150\" height=\"150\" src=\"https:\/\/f-denis.fr\/wp-content\/uploads\/2017\/06\/AD-Et_si...-16-juin-2017-279-150x150.jpg\" class=\"attachment-thumbnail size-thumbnail\" alt=\"\" \/>\n\t\t\t<\/div><\/figure><figure class='gallery-item'>\n\t\t\t<div class='gallery-icon landscape'>\n\t\t\t\t<img loading=\"lazy\" decoding=\"async\" width=\"150\" height=\"150\" src=\"https:\/\/f-denis.fr\/wp-content\/uploads\/2017\/06\/Ang\u00e9lique-Deheunynck-com\u00e9dienne-Copie-150x150.jpg\" class=\"attachment-thumbnail size-thumbnail\" alt=\"\" \/>\n\t\t\t<\/div><\/figure><figure class='gallery-item'>\n\t\t\t<div class='gallery-icon landscape'>\n\t\t\t\t<img loading=\"lazy\" decoding=\"async\" width=\"150\" height=\"150\" src=\"https:\/\/f-denis.fr\/wp-content\/uploads\/2017\/06\/JulienRamel-Copie-150x150.jpg\" class=\"attachment-thumbnail size-thumbnail\" alt=\"\" \/>\n\t\t\t<\/div><\/figure><figure class='gallery-item'>\n\t\t\t<div class='gallery-icon landscape'>\n\t\t\t\t<img loading=\"lazy\" decoding=\"async\" width=\"150\" height=\"150\" src=\"https:\/\/f-denis.fr\/wp-content\/uploads\/2017\/06\/AD-Et_si...-16-juin-2017-6-150x150.jpg\" class=\"attachment-thumbnail size-thumbnail\" alt=\"\" \/>\n\t\t\t<\/div><\/figure><figure class='gallery-item'>\n\t\t\t<div class='gallery-icon portrait'>\n\t\t\t\t<img loading=\"lazy\" decoding=\"async\" width=\"150\" height=\"150\" src=\"https:\/\/f-denis.fr\/wp-content\/uploads\/2017\/06\/AD-Et_si...-16-juin-2017-231-150x150.jpg\" class=\"attachment-thumbnail size-thumbnail\" alt=\"\" \/>\n\t\t\t<\/div><\/figure><figure class='gallery-item'>\n\t\t\t<div class='gallery-icon landscape'>\n\t\t\t\t<img loading=\"lazy\" decoding=\"async\" width=\"150\" height=\"150\" src=\"https:\/\/f-denis.fr\/wp-content\/uploads\/2017\/06\/AD-Et_si...-16-juin-2017-90-150x150.jpg\" class=\"attachment-thumbnail size-thumbnail\" alt=\"\" \/>\n\t\t\t<\/div><\/figure><figure class='gallery-item'>\n\t\t\t<div class='gallery-icon landscape'>\n\t\t\t\t<img loading=\"lazy\" decoding=\"async\" width=\"150\" height=\"150\" src=\"https:\/\/f-denis.fr\/wp-content\/uploads\/2017\/06\/come-fradaigu-com\u00e9dien-Copie-150x150.jpg\" class=\"attachment-thumbnail size-thumbnail\" alt=\"\" \/>\n\t\t\t<\/div><\/figure><figure class='gallery-item'>\n\t\t\t<div class='gallery-icon landscape'>\n\t\t\t\t<img loading=\"lazy\" decoding=\"async\" width=\"150\" height=\"150\" src=\"https:\/\/f-denis.fr\/wp-content\/uploads\/2017\/06\/AD-Et_si...-16-juin-2017-288-150x150.jpg\" class=\"attachment-thumbnail size-thumbnail\" alt=\"\" \/>\n\t\t\t<\/div><\/figure>\n\t\t<\/div>\n\n<p style=\"text-align: left;\">Mathieu Mocquant, Ang\u00e9lique Deheunynck, Julien Ramel, Thierry Debuyser, Marion Minois, Mathieu Shreiberg, C\u00f4me Fredaigue, R\u00e9mi Boulay et Bien d&rsquo;autres &#8230;<\/p>\n<h2>LA BANDE ORIGINALE<\/h2>\n<p style=\"text-align: left;\"><strong><em>variations autour de la tosca de Puccini<\/em><\/strong><\/p>\n<audio class=\"wp-audio-shortcode\" id=\"audio-403-1\" preload=\"none\" style=\"width: 100%;\" controls=\"controls\"><source type=\"audio\/mpeg\" src=\"https:\/\/f-denis.fr\/wp-content\/uploads\/2017\/11\/Remix-medieval3.mp3?_=1\" \/><a href=\"https:\/\/f-denis.fr\/wp-content\/uploads\/2017\/11\/Remix-medieval3.mp3\">https:\/\/f-denis.fr\/wp-content\/uploads\/2017\/11\/Remix-medieval3.mp3<\/a><\/audio>\n<p style=\"text-align: left;\">La composition de la bande originale du film s&rsquo;est faite \u00e0 la fois avant, pendant et apr\u00e8s &#8230; d&rsquo;apr\u00e8s des impros enregistr\u00e9es, remix\u00e9es. Mais \u00e9galement des performances live sous forme de concert ou de mixage en direct.<\/p>\n<div id='gallery-2' class='gallery galleryid-403 gallery-columns-6 gallery-size-thumbnail'><figure class='gallery-item'>\n\t\t\t<div class='gallery-icon landscape'>\n\t\t\t\t<img loading=\"lazy\" decoding=\"async\" width=\"150\" height=\"150\" src=\"https:\/\/f-denis.fr\/wp-content\/uploads\/2017\/06\/AD-Et_si...-16-juin-2017-344-150x150.jpg\" class=\"attachment-thumbnail size-thumbnail\" alt=\"\" \/>\n\t\t\t<\/div><\/figure><figure class='gallery-item'>\n\t\t\t<div class='gallery-icon landscape'>\n\t\t\t\t<img loading=\"lazy\" decoding=\"async\" width=\"150\" height=\"150\" src=\"https:\/\/f-denis.fr\/wp-content\/uploads\/2017\/06\/David-Terrier-musicien-Copie-150x150.jpg\" class=\"attachment-thumbnail size-thumbnail\" alt=\"\" \/>\n\t\t\t<\/div><\/figure><figure class='gallery-item'>\n\t\t\t<div class='gallery-icon landscape'>\n\t\t\t\t<img loading=\"lazy\" decoding=\"async\" width=\"150\" height=\"150\" src=\"https:\/\/f-denis.fr\/wp-content\/uploads\/2017\/06\/Guinou-musicien-Copie-150x150.jpg\" class=\"attachment-thumbnail size-thumbnail\" alt=\"\" \/>\n\t\t\t<\/div><\/figure><figure class='gallery-item'>\n\t\t\t<div class='gallery-icon portrait'>\n\t\t\t\t<img loading=\"lazy\" decoding=\"async\" width=\"150\" height=\"150\" src=\"https:\/\/f-denis.fr\/wp-content\/uploads\/2017\/06\/Dorian-musicien-Copie-150x150.jpg\" class=\"attachment-thumbnail size-thumbnail\" alt=\"\" \/>\n\t\t\t<\/div><\/figure><figure class='gallery-item'>\n\t\t\t<div class='gallery-icon landscape'>\n\t\t\t\t<img loading=\"lazy\" decoding=\"async\" width=\"150\" height=\"150\" src=\"https:\/\/f-denis.fr\/wp-content\/uploads\/2017\/06\/Fran\u00e7oise-Pons-chanteuse-lyrique-Copie-150x150.jpg\" class=\"attachment-thumbnail size-thumbnail\" alt=\"\" \/>\n\t\t\t<\/div><\/figure><figure class='gallery-item'>\n\t\t\t<div class='gallery-icon landscape'>\n\t\t\t\t<img loading=\"lazy\" decoding=\"async\" width=\"150\" height=\"150\" src=\"https:\/\/f-denis.fr\/wp-content\/uploads\/2017\/06\/guitariste-musicien-Copie-150x150.jpg\" class=\"attachment-thumbnail size-thumbnail\" alt=\"\" \/>\n\t\t\t<\/div><\/figure>\n\t\t<\/div>\n\n<p><\/p>\n<h2 style=\"text-align: left;\"><em>&nbsp;<\/em>L&rsquo;EXPO<\/h2>\n<p style=\"text-align: left;\">Un des premiers d\u00e9cors est propos\u00e9 par Philippe Berthommier qui organise un vernissage.<\/p>\n<h5 style=\"text-align: left;\"><img loading=\"lazy\" decoding=\"async\" class=\"size-thumbnail wp-image-217 alignnone\" src=\"https:\/\/f-denis.fr\/wp-content\/uploads\/2017\/06\/AD-Et_si...-16-juin-2017-147-150x150.jpg\" alt=\"\" width=\"150\" height=\"150\"><\/h5>\n<h2 style=\"text-align: left;\">LA CHOREGRAPHIE<\/h2>\n<p style=\"text-align: left;\">La chor\u00e9graphie r\u00e9alis\u00e9e dans le d\u00e9cor de la coloc&rsquo; n&rsquo;\u00e9chappe pas \u00e0 la r\u00e8gle de la spontan\u00e9it\u00e9. Ces deux danseurs professionnels se sont rencontr\u00e9s pendant le tournage et ont d\u00e9couvert ensemble la bande son diffus\u00e9e en direct par Sylver Mochien.<\/p>\n<div id='gallery-3' class='gallery galleryid-403 gallery-columns-4 gallery-size-thumbnail'><figure class='gallery-item'>\n\t\t\t<div class='gallery-icon landscape'>\n\t\t\t\t<img loading=\"lazy\" decoding=\"async\" width=\"150\" height=\"150\" src=\"https:\/\/f-denis.fr\/wp-content\/uploads\/2017\/10\/charline-cochereau-chor\u00e9graphe-danseuse-150x150.jpg\" class=\"attachment-thumbnail size-thumbnail\" alt=\"\" srcset=\"https:\/\/f-denis.fr\/wp-content\/uploads\/2017\/10\/charline-cochereau-chor\u00e9graphe-danseuse-150x150.jpg 150w, https:\/\/f-denis.fr\/wp-content\/uploads\/2017\/10\/charline-cochereau-chor\u00e9graphe-danseuse-300x300.jpg 300w, https:\/\/f-denis.fr\/wp-content\/uploads\/2017\/10\/charline-cochereau-chor\u00e9graphe-danseuse-768x768.jpg 768w, https:\/\/f-denis.fr\/wp-content\/uploads\/2017\/10\/charline-cochereau-chor\u00e9graphe-danseuse-750x750.jpg 750w, https:\/\/f-denis.fr\/wp-content\/uploads\/2017\/10\/charline-cochereau-chor\u00e9graphe-danseuse.jpg 900w\" sizes=\"auto, (max-width: 150px) 100vw, 150px\" \/>\n\t\t\t<\/div><\/figure><figure class='gallery-item'>\n\t\t\t<div class='gallery-icon landscape'>\n\t\t\t\t<img loading=\"lazy\" decoding=\"async\" width=\"150\" height=\"150\" src=\"https:\/\/f-denis.fr\/wp-content\/uploads\/2017\/10\/simon-choplain-chor\u00e9graphe-cinema-150x150.jpg\" class=\"attachment-thumbnail size-thumbnail\" alt=\"\" \/>\n\t\t\t<\/div><\/figure>\n\t\t<\/div>\n\n<p><\/p>\n<h2 style=\"text-align: left;\">LA NON PRODUCTION<\/h2>\n<p style=\"text-align: left;\">Ce film est r\u00e9alis\u00e9 sans aucun budget. mais avec d&rsquo;\u00e9normes moyens humains sans fronti\u00e8re entre amateurs et professionnels. Il a b\u00e9n\u00e9fici\u00e9 par exemple du soutien moral et philosophique du Cin\u00e9maBrut.<\/p>\n<div id='gallery-4' class='gallery galleryid-403 gallery-columns-4 gallery-size-thumbnail'><figure class='gallery-item'>\n\t\t\t<div class='gallery-icon landscape'>\n\t\t\t\t<a href='https:\/\/f-denis.fr\/ad-et_si-16-juin-2017-65\/'><img loading=\"lazy\" decoding=\"async\" width=\"150\" height=\"150\" src=\"https:\/\/f-denis.fr\/wp-content\/uploads\/2017\/06\/AD-Et_si...-16-juin-2017-65-150x150.jpg\" class=\"attachment-thumbnail size-thumbnail\" alt=\"\" \/><\/a>\n\t\t\t<\/div><\/figure><figure class='gallery-item'>\n\t\t\t<div class='gallery-icon landscape'>\n\t\t\t\t<a href='https:\/\/f-denis.fr\/ad-et_si-16-juin-2017-22\/'><img loading=\"lazy\" decoding=\"async\" width=\"150\" height=\"150\" src=\"https:\/\/f-denis.fr\/wp-content\/uploads\/2017\/06\/AD-Et_si...-16-juin-2017-22-150x150.jpg\" class=\"attachment-thumbnail size-thumbnail\" alt=\"\" \/><\/a>\n\t\t\t<\/div><\/figure><figure class='gallery-item'>\n\t\t\t<div class='gallery-icon landscape'>\n\t\t\t\t<a href='https:\/\/f-denis.fr\/adrien-fetu-assistant-realisateur-cinemabrut-copie\/'><img loading=\"lazy\" decoding=\"async\" width=\"150\" height=\"150\" src=\"https:\/\/f-denis.fr\/wp-content\/uploads\/2017\/06\/Adrien-Fetu-assistant-r\u00e9alisateur-Cin\u00e9maBrut-Copie-150x150.jpg\" class=\"attachment-thumbnail size-thumbnail\" alt=\"\" \/><\/a>\n\t\t\t<\/div><\/figure>\n\t\t<\/div>\n","protected":false},"excerpt":{"rendered":"<p>LE CASTING Pour ce film sans sc\u00e9nario, une centaine de com\u00e9diens se sont dispers\u00e9s librement dans les diff\u00e9rents lieux de tournage disponibles. Comme dans un jeu de r\u00f4le grandeur nature.<\/p>\n<p class=\"more-link\"><a href=\"https:\/\/f-denis.fr\/index.php\/videotheque\/long-metrage-improvise\/\" class=\"readmore\">Plus &#8230;<svg class=\"icon icon-arrow-right\" aria-hidden=\"true\" role=\"img\"> <use href=\"#icon-arrow-right\" xlink:href=\"#icon-arrow-right\"><\/use> <\/svg><span class=\"screen-reader-text\">ROGER &#8211; Film s\u00e9quence improvis\u00e9<\/span><\/a><\/p>\n","protected":false},"author":1,"featured_media":581,"parent":15,"menu_order":0,"comment_status":"closed","ping_status":"closed","template":"","meta":{"om_disable_all_campaigns":false,"_monsterinsights_skip_tracking":false,"_monsterinsights_sitenote_active":false,"_monsterinsights_sitenote_note":"","_monsterinsights_sitenote_category":0,"footnotes":""},"class_list":["post-403","page","type-page","status-publish","has-post-thumbnail","hentry"],"aioseo_notices":[],"_links":{"self":[{"href":"https:\/\/f-denis.fr\/index.php\/wp-json\/wp\/v2\/pages\/403","targetHints":{"allow":["GET"]}}],"collection":[{"href":"https:\/\/f-denis.fr\/index.php\/wp-json\/wp\/v2\/pages"}],"about":[{"href":"https:\/\/f-denis.fr\/index.php\/wp-json\/wp\/v2\/types\/page"}],"author":[{"embeddable":true,"href":"https:\/\/f-denis.fr\/index.php\/wp-json\/wp\/v2\/users\/1"}],"replies":[{"embeddable":true,"href":"https:\/\/f-denis.fr\/index.php\/wp-json\/wp\/v2\/comments?post=403"}],"version-history":[{"count":66,"href":"https:\/\/f-denis.fr\/index.php\/wp-json\/wp\/v2\/pages\/403\/revisions"}],"predecessor-version":[{"id":1323,"href":"https:\/\/f-denis.fr\/index.php\/wp-json\/wp\/v2\/pages\/403\/revisions\/1323"}],"up":[{"embeddable":true,"href":"https:\/\/f-denis.fr\/index.php\/wp-json\/wp\/v2\/pages\/15"}],"wp:featuredmedia":[{"embeddable":true,"href":"https:\/\/f-denis.fr\/index.php\/wp-json\/wp\/v2\/media\/581"}],"wp:attachment":[{"href":"https:\/\/f-denis.fr\/index.php\/wp-json\/wp\/v2\/media?parent=403"}],"curies":[{"name":"wp","href":"https:\/\/api.w.org\/{rel}","templated":true}]}}