{"id":15,"date":"2017-06-22T21:16:42","date_gmt":"2017-06-22T19:16:42","guid":{"rendered":"http:\/\/f-denis.fr\/?page_id=15-old"},"modified":"2021-10-22T21:35:36","modified_gmt":"2021-10-22T19:35:36","slug":"videotheque","status":"publish","type":"page","link":"https:\/\/f-denis.fr\/index.php\/videotheque\/","title":{"rendered":"MEDIATHEQUE"},"content":{"rendered":"<p>Flavien Denis fait du cin\u00e9ma depuis sa plus tendre enfance. Il r\u00e9alise des Adaptations de Contes et L\u00e9gendes du Loir et Cher avec ses fr\u00e8res. Il met un point d&rsquo;honneur \u00e0 transposer les personnages avec les acteurs r\u00e9els d&rsquo;aujourd&rsquo;hui. Il imagine des tournages participatifs permettant \u00e0 tous de pouvoir se laisser embarquer dans l&rsquo;aventure. Les tournages de Flavien Denis sont autant des exp\u00e9riences \u00e0 vivre que des films \u00e0 voir &#8230;<\/p>\n","protected":false},"excerpt":{"rendered":"<p>Flavien Denis fait du cin\u00e9ma depuis sa plus tendre enfance. Il r\u00e9alise des Adaptations de Contes et L\u00e9gendes du Loir et Cher avec ses fr\u00e8res. Il met un point d&rsquo;honneur<\/p>\n<p class=\"more-link\"><a href=\"https:\/\/f-denis.fr\/index.php\/videotheque\/\" class=\"readmore\">Plus &#8230;<svg class=\"icon icon-arrow-right\" aria-hidden=\"true\" role=\"img\"> <use href=\"#icon-arrow-right\" xlink:href=\"#icon-arrow-right\"><\/use> <\/svg><span class=\"screen-reader-text\">MEDIATHEQUE<\/span><\/a><\/p>\n","protected":false},"author":1,"featured_media":668,"parent":0,"menu_order":0,"comment_status":"closed","ping_status":"closed","template":"","meta":{"om_disable_all_campaigns":false,"_monsterinsights_skip_tracking":false,"_monsterinsights_sitenote_active":false,"_monsterinsights_sitenote_note":"","_monsterinsights_sitenote_category":0,"footnotes":""},"class_list":["post-15","page","type-page","status-publish","has-post-thumbnail","hentry"],"aioseo_notices":[],"_links":{"self":[{"href":"https:\/\/f-denis.fr\/index.php\/wp-json\/wp\/v2\/pages\/15","targetHints":{"allow":["GET"]}}],"collection":[{"href":"https:\/\/f-denis.fr\/index.php\/wp-json\/wp\/v2\/pages"}],"about":[{"href":"https:\/\/f-denis.fr\/index.php\/wp-json\/wp\/v2\/types\/page"}],"author":[{"embeddable":true,"href":"https:\/\/f-denis.fr\/index.php\/wp-json\/wp\/v2\/users\/1"}],"replies":[{"embeddable":true,"href":"https:\/\/f-denis.fr\/index.php\/wp-json\/wp\/v2\/comments?post=15"}],"version-history":[{"count":64,"href":"https:\/\/f-denis.fr\/index.php\/wp-json\/wp\/v2\/pages\/15\/revisions"}],"predecessor-version":[{"id":1377,"href":"https:\/\/f-denis.fr\/index.php\/wp-json\/wp\/v2\/pages\/15\/revisions\/1377"}],"wp:featuredmedia":[{"embeddable":true,"href":"https:\/\/f-denis.fr\/index.php\/wp-json\/wp\/v2\/media\/668"}],"wp:attachment":[{"href":"https:\/\/f-denis.fr\/index.php\/wp-json\/wp\/v2\/media?parent=15"}],"curies":[{"name":"wp","href":"https:\/\/api.w.org\/{rel}","templated":true}]}}