{"id":1004,"date":"2020-04-19T17:48:26","date_gmt":"2020-04-19T15:48:26","guid":{"rendered":"http:\/\/f-denis.fr\/?page_id=1004-old"},"modified":"2023-05-07T17:19:02","modified_gmt":"2023-05-07T15:19:02","slug":"freres-denis","status":"publish","type":"page","link":"https:\/\/f-denis.fr\/index.php\/videotheque\/freres-denis\/","title":{"rendered":"Les fr\u00e8res DENIS"},"content":{"rendered":"\n<p>Flavien commence le cin\u00e9ma avec ses fr\u00e8res d\u00e8s l&rsquo;\u00e2ge de 8 ans, les derni\u00e8res folies des Fr\u00e8res DENIS &#8230;<\/p>\n\n\n\n<figure class=\"wp-block-embed is-type-video is-provider-youtube wp-block-embed-youtube wp-embed-aspect-16-9 wp-has-aspect-ratio\"><div class=\"wp-block-embed__wrapper\">\n<iframe loading=\"lazy\" title=\"Le Nuble Craquenaude - La r\u00e9volution des Fr\u00e8res DENIS\" width=\"920\" height=\"518\" src=\"https:\/\/www.youtube.com\/embed\/5isJZCah40U?feature=oembed\" frameborder=\"0\" allow=\"accelerometer; autoplay; clipboard-write; encrypted-media; gyroscope; picture-in-picture\" allowfullscreen><\/iframe>\n<\/div><figcaption class=\"wp-element-caption\">Adaptation libre du \u00ab\u00a0crapaud de nuit\u00a0\u00bb de J.J. Loisel<\/figcaption><\/figure>\n\n\n\n<figure class=\"wp-block-embed is-type-video is-provider-youtube wp-block-embed-youtube wp-embed-aspect-4-3 wp-has-aspect-ratio\"><div class=\"wp-block-embed__wrapper\">\n<iframe loading=\"lazy\" title=\"Chantier 00 - Journal d&#039;Eric Melville \/ Melville Team\" width=\"920\" height=\"690\" src=\"https:\/\/www.youtube.com\/embed\/RSAD65oea5U?feature=oembed\" frameborder=\"0\" allow=\"accelerometer; autoplay; clipboard-write; encrypted-media; gyroscope; picture-in-picture; web-share\" allowfullscreen><\/iframe>\n<\/div><figcaption class=\"wp-element-caption\">Le dernier opus de \u00ab\u00a0La Melville Team\u00a0\u00bb<\/figcaption><\/figure>\n\n\n\n<figure class=\"wp-block-embed is-type-video is-provider-dailymotion wp-block-embed-dailymotion\"><div class=\"wp-block-embed__wrapper\">\n<iframe loading=\"lazy\" title=\"Lo poest\u00e9 de Montigny_Les-freres-Denis\" frameborder=\"0\" width=\"920\" height=\"529\" src=\"https:\/\/www.dailymotion.com\/embed\/video\/xdatao\" allowfullscreen allow=\"autoplay\"><\/iframe>\n<\/div><figcaption class=\"wp-element-caption\">Une l\u00e9gende Locale adapt\u00e9e par les fr\u00e8res DENIS<\/figcaption><\/figure>\n","protected":false},"excerpt":{"rendered":"<p>Flavien commence le cin\u00e9ma avec ses fr\u00e8res d\u00e8s l&rsquo;\u00e2ge de 8 ans, les derni\u00e8res folies des Fr\u00e8res DENIS &#8230;<\/p>\n","protected":false},"author":1,"featured_media":650,"parent":15,"menu_order":0,"comment_status":"closed","ping_status":"closed","template":"","meta":{"om_disable_all_campaigns":false,"_monsterinsights_skip_tracking":false,"_monsterinsights_sitenote_active":false,"_monsterinsights_sitenote_note":"","_monsterinsights_sitenote_category":0,"footnotes":""},"class_list":["post-1004","page","type-page","status-publish","has-post-thumbnail","hentry"],"aioseo_notices":[],"_links":{"self":[{"href":"https:\/\/f-denis.fr\/index.php\/wp-json\/wp\/v2\/pages\/1004","targetHints":{"allow":["GET"]}}],"collection":[{"href":"https:\/\/f-denis.fr\/index.php\/wp-json\/wp\/v2\/pages"}],"about":[{"href":"https:\/\/f-denis.fr\/index.php\/wp-json\/wp\/v2\/types\/page"}],"author":[{"embeddable":true,"href":"https:\/\/f-denis.fr\/index.php\/wp-json\/wp\/v2\/users\/1"}],"replies":[{"embeddable":true,"href":"https:\/\/f-denis.fr\/index.php\/wp-json\/wp\/v2\/comments?post=1004"}],"version-history":[{"count":11,"href":"https:\/\/f-denis.fr\/index.php\/wp-json\/wp\/v2\/pages\/1004\/revisions"}],"predecessor-version":[{"id":1476,"href":"https:\/\/f-denis.fr\/index.php\/wp-json\/wp\/v2\/pages\/1004\/revisions\/1476"}],"up":[{"embeddable":true,"href":"https:\/\/f-denis.fr\/index.php\/wp-json\/wp\/v2\/pages\/15"}],"wp:featuredmedia":[{"embeddable":true,"href":"https:\/\/f-denis.fr\/index.php\/wp-json\/wp\/v2\/media\/650"}],"wp:attachment":[{"href":"https:\/\/f-denis.fr\/index.php\/wp-json\/wp\/v2\/media?parent=1004"}],"curies":[{"name":"wp","href":"https:\/\/api.w.org\/{rel}","templated":true}]}}