{"id":1477,"date":"2023-05-10T15:09:38","date_gmt":"2023-05-10T13:09:38","guid":{"rendered":"http:\/\/f-denis.fr\/?page_id=1477"},"modified":"2024-02-07T21:22:00","modified_gmt":"2024-02-07T20:22:00","slug":"clip","status":"publish","type":"page","link":"http:\/\/f-denis.fr\/index.php\/clip\/","title":{"rendered":"CLIP"},"content":{"rendered":"\n<p>Flavien Denis est tr\u00e8s sensible \u00e0 la musique. Pour ses films il fait souvent appel \u00e0 des musiciens locaux. Il s&rsquo;adonne parfois m\u00eame \u00e0 la r\u00e9alisation de clip musicaux.<\/p>\n\n\n\n<figure class=\"wp-block-embed is-type-video is-provider-youtube wp-block-embed-youtube wp-embed-aspect-16-9 wp-has-aspect-ratio\"><div class=\"wp-block-embed__wrapper\">\n<iframe loading=\"lazy\" title=\"Cave TROIS\" width=\"920\" height=\"518\" src=\"https:\/\/www.youtube.com\/embed\/-czXzDj1_zE?feature=oembed\" frameborder=\"0\" allow=\"accelerometer; autoplay; clipboard-write; encrypted-media; gyroscope; picture-in-picture; web-share\" allowfullscreen><\/iframe>\n<\/div><\/figure>\n\n\n\n<figure class=\"wp-block-embed is-type-video is-provider-youtube wp-block-embed-youtube wp-embed-aspect-16-9 wp-has-aspect-ratio\"><div class=\"wp-block-embed__wrapper\">\n<iframe loading=\"lazy\" title=\"Teaser - Collectif Musicoscopique \u00e0 l\u2019\u00c9chalier\" width=\"920\" height=\"518\" src=\"https:\/\/www.youtube.com\/embed\/Y6wqpPMaPxo?feature=oembed\" frameborder=\"0\" allow=\"accelerometer; autoplay; clipboard-write; encrypted-media; gyroscope; picture-in-picture; web-share\" allowfullscreen><\/iframe>\n<\/div><\/figure>\n\n\n\n<figure class=\"wp-block-embed is-type-video is-provider-youtube wp-block-embed-youtube wp-embed-aspect-16-9 wp-has-aspect-ratio\"><div class=\"wp-block-embed__wrapper\">\n<iframe loading=\"lazy\" title=\"Vendry - \u00c9douard Ferlet\" width=\"920\" height=\"518\" src=\"https:\/\/www.youtube.com\/embed\/_LVi9iZroP4?feature=oembed\" frameborder=\"0\" allow=\"accelerometer; autoplay; clipboard-write; encrypted-media; gyroscope; picture-in-picture; web-share\" allowfullscreen><\/iframe>\n<\/div><\/figure>\n\n\n\n<figure class=\"wp-block-embed is-type-video is-provider-youtube wp-block-embed-youtube wp-embed-aspect-16-9 wp-has-aspect-ratio\"><div class=\"wp-block-embed__wrapper\">\n<iframe loading=\"lazy\" title=\"Clip Dumka\" width=\"920\" height=\"518\" src=\"https:\/\/www.youtube.com\/embed\/cpcoW-lreG4?feature=oembed\" frameborder=\"0\" allow=\"accelerometer; autoplay; clipboard-write; encrypted-media; gyroscope; picture-in-picture; web-share\" allowfullscreen><\/iframe>\n<\/div><\/figure>\n\n\n\n<figure class=\"wp-block-embed is-type-video is-provider-youtube wp-block-embed-youtube wp-embed-aspect-16-9 wp-has-aspect-ratio\"><div class=\"wp-block-embed__wrapper\">\n<iframe loading=\"lazy\" title=\"EMIRS - \u0415\u041c\u0418\u0420\u0418 \/ \u043a\u0430\u0441\u0430\u043f \u0445\u0430\u0432\u0430\u0441\u0438 - kasap havasi  The Butcher&#039;s Air\" width=\"920\" height=\"518\" src=\"https:\/\/www.youtube.com\/embed\/9lhx6_tz7bM?feature=oembed\" frameborder=\"0\" allow=\"accelerometer; autoplay; clipboard-write; encrypted-media; gyroscope; picture-in-picture; web-share\" allowfullscreen><\/iframe>\n<\/div><\/figure>\n","protected":false},"excerpt":{"rendered":"<p>Flavien Denis est tr\u00e8s sensible \u00e0 la musique. Pour ses films il fait souvent appel \u00e0 des musiciens locaux. Il s&rsquo;adonne parfois m\u00eame \u00e0 la r\u00e9alisation de clip musicaux.<\/p>\n","protected":false},"author":1,"featured_media":0,"parent":0,"menu_order":0,"comment_status":"closed","ping_status":"closed","template":"","meta":{"footnotes":""},"class_list":["post-1477","page","type-page","status-publish","hentry"],"aioseo_notices":[],"_links":{"self":[{"href":"http:\/\/f-denis.fr\/index.php\/wp-json\/wp\/v2\/pages\/1477","targetHints":{"allow":["GET"]}}],"collection":[{"href":"http:\/\/f-denis.fr\/index.php\/wp-json\/wp\/v2\/pages"}],"about":[{"href":"http:\/\/f-denis.fr\/index.php\/wp-json\/wp\/v2\/types\/page"}],"author":[{"embeddable":true,"href":"http:\/\/f-denis.fr\/index.php\/wp-json\/wp\/v2\/users\/1"}],"replies":[{"embeddable":true,"href":"http:\/\/f-denis.fr\/index.php\/wp-json\/wp\/v2\/comments?post=1477"}],"version-history":[{"count":5,"href":"http:\/\/f-denis.fr\/index.php\/wp-json\/wp\/v2\/pages\/1477\/revisions"}],"predecessor-version":[{"id":1535,"href":"http:\/\/f-denis.fr\/index.php\/wp-json\/wp\/v2\/pages\/1477\/revisions\/1535"}],"wp:attachment":[{"href":"http:\/\/f-denis.fr\/index.php\/wp-json\/wp\/v2\/media?parent=1477"}],"curies":[{"name":"wp","href":"https:\/\/api.w.org\/{rel}","templated":true}]}}